{"id":307,"date":"2018-09-27T15:55:57","date_gmt":"2018-09-27T15:55:57","guid":{"rendered":"http:\/\/www.sgranch.it\/?page_id=307"},"modified":"2018-10-10T09:43:32","modified_gmt":"2018-10-10T09:43:32","slug":"chi-siamo","status":"publish","type":"page","link":"https:\/\/www.sgranch.it\/index.php\/chi-siamo\/","title":{"rendered":"CHI SIAMO"},"content":{"rendered":"<p class=\"font_8\" style=\"text-align: center;\"><span>La nostra \u00e8 un&#8217;azienda familiare,\u00a0<\/span><\/p>\n<p class=\"font_8\" style=\"text-align: center;\"><span>Siamo Eugenio, Sonia, Michele e Riccardo.<\/span><\/p>\n<p class=\"font_8\" style=\"text-align: center;\"><span><span class=\"wixGuard\">\u200b<\/span><\/span><\/p>\n<p class=\"font_8\" style=\"text-align: center;\"><span>La nostra\u00a0avventura \u00e8 iniziata nel 1994 con qualche cavallo per passeggiate.\u00a0<\/span><\/p>\n<p class=\"font_8\" style=\"text-align: center;\"><span>Gi\u00e0 dall&#8217;anno successivo ci siamo avvicinati al mondo delle gare,\u00a0<\/span><span>delle fiere e dell&#8217;allevamento di cavalli Paint.<\/span><\/p>\n<p class=\"font_8\" style=\"text-align: center;\"><span><span class=\"wixGuard\">\u200b<\/span><\/span><\/p>\n<p class=\"font_8\" style=\"text-align: center;\"><span>Dal 2013 abbiamo deciso di imparare a conoscere ed allevare\u00a0<\/span><span>anche un altro animale meraviglioso,\u00a0la pecora Suffolk.<\/span><\/p>\n<p>&nbsp;<\/p>\n<div class=\"rbs_shortcode\"><div>      <\/div><style type=\"text\/css\" scoped>.rbs_gallery_69f3b962573ebSpinner{\r\n\t\t\t\tmargin: 50px auto;\r\n\t\t\t\twidth: 50px;\r\n\t\t\t\theight: 40px;\r\n\t\t\t\ttext-align: center;\r\n\t\t\t\tfont-size: 10px;\r\n\t\t\t}\r\n\t\t\t.rbs_gallery_69f3b962573ebSpinner > div{\r\n\t\t\t  background-color: #333;\r\n\t\t\t  height: 100%;\r\n\t\t\t  width: 6px;\r\n\t\t\t  display: inline-block;\r\n\t\t\t  -webkit-animation: rbs_gallery_69f3b962573eb-stretchdelay 1.2s infinite ease-in-out;\r\n\t\t\t  animation: rbs_gallery_69f3b962573eb-stretchdelay 1.2s infinite ease-in-out;\r\n\t\t\t}\r\n\t\t\t.rbs_gallery_69f3b962573ebSpinner .rbs_gallery_69f3b962573ebRect2 {\r\n\t\t\t  -webkit-animation-delay: -1.1s;\r\n\t\t\t  animation-delay: -1.1s;\r\n\t\t\t}\r\n\t\t\t.rbs_gallery_69f3b962573ebSpinner .rbs_gallery_69f3b962573ebRect3 {\r\n\t\t\t  -webkit-animation-delay: -1.0s;\r\n\t\t\t  animation-delay: -1.0s;\r\n\t\t\t}\r\n\t\t\t.rbs_gallery_69f3b962573ebSpinner .rbs_gallery_69f3b962573ebRect4 {\r\n\t\t\t  -webkit-animation-delay: -0.9s;\r\n\t\t\t  animation-delay: -0.9s;\r\n\t\t\t}\r\n\t\t\t.rbs_gallery_69f3b962573ebSpinner .rbs_gallery_69f3b962573ebRect5 {\r\n\t\t\t  -webkit-animation-delay: -0.8s;\r\n\t\t\t  animation-delay: -0.8s;\r\n\t\t\t}\r\n\t\t\t@-webkit-keyframes rbs_gallery_69f3b962573eb-stretchdelay {\r\n\t\t\t  0%, 40%, 100% { -webkit-transform: scaleY(0.4) }  \r\n\t\t\t  20% { -webkit-transform: scaleY(1.0) }\r\n\t\t\t}\r\n\t\t\t@keyframes rbs_gallery_69f3b962573eb-stretchdelay {\r\n\t\t\t  0%, 40%, 100% { \r\n\t\t\t    transform: scaleY(0.4);\r\n\t\t\t    -webkit-transform: scaleY(0.4);\r\n\t\t\t  }  20% { \r\n\t\t\t    transform: scaleY(1.0);\r\n\t\t\t    -webkit-transform: scaleY(1.0);\r\n\t\t\t  }\r\n\t\t\t}\r\n\t\t<\/style><div class=\"robo-gallery-wrap robo-gallery-wrap-id389 robo-gallery-\" ><div id=\"rbs_gallery_69f3b962573eb-block-loader\" class=\"rbs_gallery_69f3b962573ebSpinner\"><div class=\"rbs_gallery_69f3b962573ebRect1\"><\/div> <div class=\"rbs_gallery_69f3b962573ebRect2\"><\/div> <div class=\"rbs_gallery_69f3b962573ebRect3\"><\/div> <div class=\"rbs_gallery_69f3b962573ebRect4\"><\/div> <div class=\"rbs_gallery_69f3b962573ebRect5\"><\/div><\/div><div id=\"robo_gallery_main_block_rbs_gallery_69f3b962573eb\" class=\"robogallery-gallery-389\" style=\"width:80%;margin:0 auto;  display: none;\"><div id=\"rbs_gallery_69f3b962573eb\" data-options=\"rbs_gallery_69f3b962573eb\" style=\"width:100%;\" class=\"robo_gallery  \"><div class=\"rbs-img  category389 \" ><div class=\"rbs-img-image   rbs-lightbox \" ><div class=\"rbs-img-thumbs\"  data-thumbnail=\"https:\/\/www.sgranch.it\/wp-content\/uploads\/2018\/09\/IMG_0370.JPG.jpg\"  title=\"\"  data-width=\"5616\"  data-height=\"3744\" ><\/div><div class=\"rbs-img-data-popup\"  data-popup=\"https:\/\/www.sgranch.it\/wp-content\/uploads\/2018\/09\/IMG_0370.JPG.jpg\"  title=\"\" ><\/div><div class=\"thumbnail-overlay\"><div class=\"rbsIcons\"><i class=\"fa fa-search-plus rbsZoomIcon \" ><\/i><\/div><\/div><\/div><\/div><div class=\"rbs-img  category389 \" ><div class=\"rbs-img-image   rbs-lightbox \" ><div class=\"rbs-img-thumbs\"  data-thumbnail=\"https:\/\/www.sgranch.it\/wp-content\/uploads\/2018\/09\/DSC_0381.JPG.jpg\"  title=\"\"  data-width=\"2271\"  data-height=\"2088\" ><\/div><div class=\"rbs-img-data-popup\"  data-popup=\"https:\/\/www.sgranch.it\/wp-content\/uploads\/2018\/09\/DSC_0381.JPG.jpg\"  title=\"\" ><\/div><div class=\"thumbnail-overlay\"><div class=\"rbsIcons\"><i class=\"fa fa-search-plus rbsZoomIcon \" ><\/i><\/div><\/div><\/div><\/div><div class=\"rbs-img  category389 \" ><div class=\"rbs-img-image   rbs-lightbox \" ><div class=\"rbs-img-thumbs\"  data-thumbnail=\"https:\/\/www.sgranch.it\/wp-content\/uploads\/2018\/10\/a_IMG_0384.JPG.jpg\"  title=\"a_IMG_0384.JPG\"  data-width=\"3145\"  data-height=\"2097\" ><\/div><div class=\"rbs-img-data-popup\"  data-popup=\"https:\/\/www.sgranch.it\/wp-content\/uploads\/2018\/10\/a_IMG_0384.JPG.jpg\"  title=\"a_IMG_0384.JPG\" ><\/div><div class=\"thumbnail-overlay\"><div class=\"rbsIcons\"><i class=\"fa fa-search-plus rbsZoomIcon \" ><\/i><\/div><\/div><\/div><\/div><div class=\"rbs-img  category389 \" ><div class=\"rbs-img-image   rbs-lightbox \" ><div class=\"rbs-img-thumbs\"  data-thumbnail=\"https:\/\/www.sgranch.it\/wp-content\/uploads\/2018\/09\/IMG_0360.JPG.jpg\"  title=\"IMG_0360.JPG\"  data-width=\"5616\"  data-height=\"3744\" ><\/div><div class=\"rbs-img-data-popup\"  data-popup=\"https:\/\/www.sgranch.it\/wp-content\/uploads\/2018\/09\/IMG_0360.JPG.jpg\"  title=\"IMG_0360.JPG\" ><\/div><div class=\"thumbnail-overlay\"><div class=\"rbsIcons\"><i class=\"fa fa-search-plus rbsZoomIcon \" ><\/i><\/div><\/div><\/div><\/div><div class=\"rbs-img  category389 \" ><div class=\"rbs-img-image   rbs-lightbox \" ><div class=\"rbs-img-thumbs\"  data-thumbnail=\"https:\/\/www.sgranch.it\/wp-content\/uploads\/2018\/09\/IMG_7868_2.jpg\"  title=\"IMG_7868_2\"  data-width=\"1709\"  data-height=\"1139\" ><\/div><div class=\"rbs-img-data-popup\"  data-popup=\"https:\/\/www.sgranch.it\/wp-content\/uploads\/2018\/09\/IMG_7868_2.jpg\"  title=\"IMG_7868_2\" ><\/div><div class=\"thumbnail-overlay\"><div class=\"rbsIcons\"><i class=\"fa fa-search-plus rbsZoomIcon \" ><\/i><\/div><\/div><\/div><\/div><div class=\"rbs-img  category389 \" ><div class=\"rbs-img-image   rbs-lightbox \" ><div class=\"rbs-img-thumbs\"  data-thumbnail=\"https:\/\/www.sgranch.it\/wp-content\/uploads\/2018\/10\/a_dog_IMG_0483.JPG-1.jpg\"  title=\"a_dog_IMG_0483.JPG\"  data-width=\"2696\"  data-height=\"2022\" ><\/div><div class=\"rbs-img-data-popup\"  data-popup=\"https:\/\/www.sgranch.it\/wp-content\/uploads\/2018\/10\/a_dog_IMG_0483.JPG-1.jpg\"  title=\"a_dog_IMG_0483.JPG\" ><\/div><div class=\"thumbnail-overlay\"><div class=\"rbsIcons\"><i class=\"fa fa-search-plus rbsZoomIcon \" ><\/i><\/div><\/div><\/div><\/div><div class=\"rbs-img  category389 \" ><div class=\"rbs-img-image   rbs-lightbox \" ><div class=\"rbs-img-thumbs\"  data-thumbnail=\"https:\/\/www.sgranch.it\/wp-content\/uploads\/2018\/09\/DSC0146.jpg\"  title=\"_DSC0146\"  data-width=\"7360\"  data-height=\"4912\" ><\/div><div class=\"rbs-img-data-popup\"  data-popup=\"https:\/\/www.sgranch.it\/wp-content\/uploads\/2018\/09\/DSC0146.jpg\"  title=\"_DSC0146\" ><\/div><div class=\"thumbnail-overlay\"><div class=\"rbsIcons\"><i class=\"fa fa-search-plus rbsZoomIcon \" ><\/i><\/div><\/div><\/div><\/div><div class=\"rbs-img  category389 \" ><div class=\"rbs-img-image   rbs-lightbox \" ><div class=\"rbs-img-thumbs\"  data-thumbnail=\"https:\/\/www.sgranch.it\/wp-content\/uploads\/2018\/10\/a_ciccioniIMG_0347.JPG.jpg\"  title=\"a_ciccioniIMG_0347.JPG\"  data-width=\"2555\"  data-height=\"1704\" ><\/div><div class=\"rbs-img-data-popup\"  data-popup=\"https:\/\/www.sgranch.it\/wp-content\/uploads\/2018\/10\/a_ciccioniIMG_0347.JPG.jpg\"  title=\"a_ciccioniIMG_0347.JPG\" ><\/div><div class=\"thumbnail-overlay\"><div class=\"rbsIcons\"><i class=\"fa fa-search-plus rbsZoomIcon \" ><\/i><\/div><\/div><\/div><\/div><div class=\"rbs-img  category389 \" ><div class=\"rbs-img-image   rbs-lightbox \" ><div class=\"rbs-img-thumbs\"  data-thumbnail=\"https:\/\/www.sgranch.it\/wp-content\/uploads\/2018\/10\/a_bIMG_0461.JPG.jpg\"  title=\"a_bIMG_0461.JPG\"  data-width=\"2555\"  data-height=\"1704\" ><\/div><div class=\"rbs-img-data-popup\"  data-popup=\"https:\/\/www.sgranch.it\/wp-content\/uploads\/2018\/10\/a_bIMG_0461.JPG.jpg\"  title=\"a_bIMG_0461.JPG\" ><\/div><div class=\"thumbnail-overlay\"><div class=\"rbsIcons\"><i class=\"fa fa-search-plus rbsZoomIcon \" ><\/i><\/div><\/div><\/div><\/div><\/div><\/div><\/div><script>var rbs_gallery_69f3b962573eb = {\"version\":\"3.2.23\",\"id\":389,\"class\":\"id389\",\"roboGalleryDelay\":1000,\"mainContainer\":\"#robo_gallery_main_block_rbs_gallery_69f3b962573eb\",\"loadingContainer\":\"#rbs_gallery_69f3b962573eb-block-loader\",\"loadingContainerObj\":\"rbs_gallery_69f3b962573eb-block-loader\",\"columnWidth\":\"auto\",\"columns\":3,\"resolutions\":[{\"columnWidth\":\"auto\",\"columns\":3,\"maxWidth\":960},{\"columnWidth\":\"auto\",\"columns\":2,\"maxWidth\":650},{\"columnWidth\":\"auto\",\"columns\":1,\"maxWidth\":450}],\"hideTitle\":true,\"lightboxOptions\":{\"gallery\":{\"enabled\":true,\"tCounter\":\"%curr% of %total%\"}},\"overlayEffect\":\"direction-aware-fade\",\"boxesToLoadStart\":12,\"boxesToLoad\":8,\"waitUntilThumbLoads\":1,\"LoadingWord\":\"Loading...\",\"loadMoreWord\":\"Load More\",\"noMoreEntriesWord\":\"No More Entries\",\"horizontalSpaceBetweenBoxes\":15,\"verticalSpaceBetweenBoxes\":15,\"lazyLoad\":1,\"wrapContainer\":\"#robo-gallery-wrap-rbs_gallery_69f3b962573eb\"};<\/script><div>      <\/div><\/div>\n<div data-packed=\"true\" class=\"txtNew\" id=\"i3a29s3e\">\n<h6><\/h6>\n<h6 class=\"font_6\" style=\"text-align: center;\"><span>S.G. RANCH<\/span><\/h6>\n<p class=\"font_8\" style=\"text-align: center;\"><span>La nostra fattoria \u00e8 situata nella bassa veronese, in localit\u00e0 Pal\u00f9.<\/span><\/p>\n<p class=\"font_8\" style=\"text-align: center;\"><span>Siamo circondati da tranquilla campagna e coltivazioni.<\/span><\/p>\n<p class=\"font_8\" style=\"text-align: center;\"><span>L&#8217;ambiente \u00e8 calmo e rilassante, perfetto per adulti e bambini amanti di animali e natura.<\/span><\/p>\n<p class=\"font_8\" style=\"text-align: center;\"><span><span class=\"wixGuard\">\u200b<\/span><\/span><\/p>\n<p class=\"font_8\" style=\"text-align: center;\"><span>Amiamo circondarci di animali, ognuno di loro ha il suo speciale modo di starci\u00a0vicino ed esserci amico.<\/span><\/p>\n<p class=\"font_8\" style=\"text-align: center;\"><span>Oltre ai cavalli e alle pecore, alleviamo conigli e\u00a0galline.<\/span><\/p>\n<p class=\"font_8\" style=\"text-align: center;\"><span>I nostri cani sono parte della famiglia e ci accompagnano in tutto ci\u00f2 che facciamo.<\/span><\/p>\n<\/div>\n<p>&nbsp;<\/p>\n<p class=\"font_8\" style=\"text-align: center;\"><span><span class=\"wixGuard\">\u200b<\/span><\/span><\/p>\n<p>&nbsp;<\/p>\n","protected":false},"excerpt":{"rendered":"<p>La nostra \u00e8 un&#8217;azienda familiare,\u00a0 Siamo Eugenio, Sonia, Michele e Riccardo. \u200b La nostra\u00a0avventura \u00e8 iniziata nel 1994 con qualche cavallo per passeggiate.\u00a0 Gi\u00e0 dall&#8217;anno successivo ci siamo avvicinati al mondo delle gare,\u00a0delle fiere e dell&#8217;allevamento di cavalli Paint. \u200b Dal 2013 abbiamo deciso di imparare a conoscere ed allevare\u00a0anche<\/p>\n","protected":false},"author":1,"featured_media":131,"parent":0,"menu_order":0,"comment_status":"closed","ping_status":"closed","template":"page-templates\/template-fullwidth.php","meta":{"footnotes":""},"class_list":["post-307","page","type-page","status-publish","has-post-thumbnail","hentry"],"_links":{"self":[{"href":"https:\/\/www.sgranch.it\/index.php\/wp-json\/wp\/v2\/pages\/307","targetHints":{"allow":["GET"]}}],"collection":[{"href":"https:\/\/www.sgranch.it\/index.php\/wp-json\/wp\/v2\/pages"}],"about":[{"href":"https:\/\/www.sgranch.it\/index.php\/wp-json\/wp\/v2\/types\/page"}],"author":[{"embeddable":true,"href":"https:\/\/www.sgranch.it\/index.php\/wp-json\/wp\/v2\/users\/1"}],"replies":[{"embeddable":true,"href":"https:\/\/www.sgranch.it\/index.php\/wp-json\/wp\/v2\/comments?post=307"}],"version-history":[{"count":7,"href":"https:\/\/www.sgranch.it\/index.php\/wp-json\/wp\/v2\/pages\/307\/revisions"}],"predecessor-version":[{"id":398,"href":"https:\/\/www.sgranch.it\/index.php\/wp-json\/wp\/v2\/pages\/307\/revisions\/398"}],"wp:featuredmedia":[{"embeddable":true,"href":"https:\/\/www.sgranch.it\/index.php\/wp-json\/wp\/v2\/media\/131"}],"wp:attachment":[{"href":"https:\/\/www.sgranch.it\/index.php\/wp-json\/wp\/v2\/media?parent=307"}],"curies":[{"name":"wp","href":"https:\/\/api.w.org\/{rel}","templated":true}]}}