{"id":234,"date":"2018-09-27T14:01:17","date_gmt":"2018-09-27T14:01:17","guid":{"rendered":"http:\/\/www.sgranch.it\/?page_id=234"},"modified":"2018-09-27T14:56:14","modified_gmt":"2018-09-27T14:56:14","slug":"vendita-erba-medica","status":"publish","type":"page","link":"https:\/\/www.sgranch.it\/index.php\/vendita-erba-medica\/","title":{"rendered":"Vendita erba medica"},"content":{"rendered":"<p class=\"font_8\" style=\"text-align: center;\"><span>L&#8217; erba medica (Medicago Sativa)\u00a0\u00e8 chiamata anche la &#8220;regina delle foraggere&#8221;.<\/span><\/p>\n<p class=\"font_8\" style=\"text-align: center;\"><span>Da pi\u00f9 di 2000 anni viene infatti utilizzata come foraggio di ottima qualit\u00e0 per il bestiame.<\/span><\/p>\n<p class=\"font_8\" style=\"text-align: center;\"><span>L&#8217;erba medica contiene un&#8217;alta percentuale di proteine, fibre, vitamine e minerali\u00a0<\/span><span>essenziali per la corretta crescita e il benessere degli animali.<\/span><\/p>\n<p>&nbsp;<\/p>\n<p style=\"text-align: center;\"><div>           <\/div><style type=\"text\/css\" scoped>.rbs_gallery_69d5b4bea97a1Spinner{\r\n\t\t\t\tmargin: 50px auto;\r\n\t\t\t\twidth: 50px;\r\n\t\t\t\theight: 40px;\r\n\t\t\t\ttext-align: center;\r\n\t\t\t\tfont-size: 10px;\r\n\t\t\t}\r\n\t\t\t.rbs_gallery_69d5b4bea97a1Spinner > div{\r\n\t\t\t  background-color: #333;\r\n\t\t\t  height: 100%;\r\n\t\t\t  width: 6px;\r\n\t\t\t  display: inline-block;\r\n\t\t\t  -webkit-animation: rbs_gallery_69d5b4bea97a1-stretchdelay 1.2s infinite ease-in-out;\r\n\t\t\t  animation: rbs_gallery_69d5b4bea97a1-stretchdelay 1.2s infinite ease-in-out;\r\n\t\t\t}\r\n\t\t\t.rbs_gallery_69d5b4bea97a1Spinner .rbs_gallery_69d5b4bea97a1Rect2 {\r\n\t\t\t  -webkit-animation-delay: -1.1s;\r\n\t\t\t  animation-delay: -1.1s;\r\n\t\t\t}\r\n\t\t\t.rbs_gallery_69d5b4bea97a1Spinner .rbs_gallery_69d5b4bea97a1Rect3 {\r\n\t\t\t  -webkit-animation-delay: -1.0s;\r\n\t\t\t  animation-delay: -1.0s;\r\n\t\t\t}\r\n\t\t\t.rbs_gallery_69d5b4bea97a1Spinner .rbs_gallery_69d5b4bea97a1Rect4 {\r\n\t\t\t  -webkit-animation-delay: -0.9s;\r\n\t\t\t  animation-delay: -0.9s;\r\n\t\t\t}\r\n\t\t\t.rbs_gallery_69d5b4bea97a1Spinner .rbs_gallery_69d5b4bea97a1Rect5 {\r\n\t\t\t  -webkit-animation-delay: -0.8s;\r\n\t\t\t  animation-delay: -0.8s;\r\n\t\t\t}\r\n\t\t\t@-webkit-keyframes rbs_gallery_69d5b4bea97a1-stretchdelay {\r\n\t\t\t  0%, 40%, 100% { -webkit-transform: scaleY(0.4) }  \r\n\t\t\t  20% { -webkit-transform: scaleY(1.0) }\r\n\t\t\t}\r\n\t\t\t@keyframes rbs_gallery_69d5b4bea97a1-stretchdelay {\r\n\t\t\t  0%, 40%, 100% { \r\n\t\t\t    transform: scaleY(0.4);\r\n\t\t\t    -webkit-transform: scaleY(0.4);\r\n\t\t\t  }  20% { \r\n\t\t\t    transform: scaleY(1.0);\r\n\t\t\t    -webkit-transform: scaleY(1.0);\r\n\t\t\t  }\r\n\t\t\t}\r\n\t\t<\/style><div class=\"robo-gallery-wrap robo-gallery-wrap-id235 robo-gallery-\" ><div id=\"rbs_gallery_69d5b4bea97a1-block-loader\" class=\"rbs_gallery_69d5b4bea97a1Spinner\"><div class=\"rbs_gallery_69d5b4bea97a1Rect1\"><\/div> <div class=\"rbs_gallery_69d5b4bea97a1Rect2\"><\/div> <div class=\"rbs_gallery_69d5b4bea97a1Rect3\"><\/div> <div class=\"rbs_gallery_69d5b4bea97a1Rect4\"><\/div> <div class=\"rbs_gallery_69d5b4bea97a1Rect5\"><\/div><\/div><div id=\"robo_gallery_main_block_rbs_gallery_69d5b4bea97a1\" class=\"robogallery-gallery-235\" style=\"width:70%;margin:0 auto;  display: none;\"><div id=\"rbs_gallery_69d5b4bea97a1\" data-options=\"rbs_gallery_69d5b4bea97a1\" style=\"width:100%;\" class=\"robo_gallery  \"><div class=\"rbs-img  category235 \" ><div class=\"rbs-img-image   rbs-lightbox \" ><div class=\"rbs-img-thumbs\"  data-thumbnail=\"https:\/\/www.sgranch.it\/wp-content\/uploads\/2018\/09\/DSC_0003.JPG.jpg\"  title=\"\"  data-width=\"3216\"  data-height=\"1991\" ><\/div><div class=\"rbs-img-data-popup\"  data-popup=\"https:\/\/www.sgranch.it\/wp-content\/uploads\/2018\/09\/DSC_0003.JPG.jpg\"  title=\"\" ><\/div><div class=\"thumbnail-overlay\"><div class=\"rbsIcons\"><i class=\"fa fa-search-plus rbsZoomIcon \" ><\/i><\/div><\/div><\/div><\/div><div class=\"rbs-img  category235 \" ><div class=\"rbs-img-image   rbs-lightbox \" ><div class=\"rbs-img-thumbs\"  data-thumbnail=\"https:\/\/www.sgranch.it\/wp-content\/uploads\/2018\/09\/DSC_0037.JPG.jpg\"  title=\"\"  data-width=\"2592\"  data-height=\"1802\" ><\/div><div class=\"rbs-img-data-popup\"  data-popup=\"https:\/\/www.sgranch.it\/wp-content\/uploads\/2018\/09\/DSC_0037.JPG.jpg\"  title=\"\" ><\/div><div class=\"thumbnail-overlay\"><div class=\"rbsIcons\"><i class=\"fa fa-search-plus rbsZoomIcon \" ><\/i><\/div><\/div><\/div><\/div><div class=\"rbs-img  category235 \" ><div class=\"rbs-img-image   rbs-lightbox \" ><div class=\"rbs-img-thumbs\"  data-thumbnail=\"https:\/\/www.sgranch.it\/wp-content\/uploads\/2018\/09\/DSC_0018.JPG-1.jpg\"  title=\"\"  data-width=\"1867\"  data-height=\"3025\" ><\/div><div class=\"rbs-img-data-popup\"  data-popup=\"https:\/\/www.sgranch.it\/wp-content\/uploads\/2018\/09\/DSC_0018.JPG-1.jpg\"  title=\"\" ><\/div><div class=\"thumbnail-overlay\"><div class=\"rbsIcons\"><i class=\"fa fa-search-plus rbsZoomIcon \" ><\/i><\/div><\/div><\/div><\/div><div class=\"rbs-img  category235 \" ><div class=\"rbs-img-image   rbs-lightbox \" ><div class=\"rbs-img-thumbs\"  data-thumbnail=\"https:\/\/www.sgranch.it\/wp-content\/uploads\/2018\/09\/DSC_0795.JPG-1.jpg\"  title=\"\"  data-width=\"3216\"  data-height=\"2136\" ><\/div><div class=\"rbs-img-data-popup\"  data-popup=\"https:\/\/www.sgranch.it\/wp-content\/uploads\/2018\/09\/DSC_0795.JPG-1.jpg\"  title=\"\" ><\/div><div class=\"thumbnail-overlay\"><div class=\"rbsIcons\"><i class=\"fa fa-search-plus rbsZoomIcon \" ><\/i><\/div><\/div><\/div><\/div><div class=\"rbs-img  category235 \" ><div class=\"rbs-img-image   rbs-lightbox \" ><div class=\"rbs-img-thumbs\"  data-thumbnail=\"https:\/\/www.sgranch.it\/wp-content\/uploads\/2018\/09\/DSC_0009.JPG-1.jpg\"  title=\"\"  data-width=\"2016\"  data-height=\"2791\" ><\/div><div class=\"rbs-img-data-popup\"  data-popup=\"https:\/\/www.sgranch.it\/wp-content\/uploads\/2018\/09\/DSC_0009.JPG-1.jpg\"  title=\"\" ><\/div><div class=\"thumbnail-overlay\"><div class=\"rbsIcons\"><i class=\"fa fa-search-plus rbsZoomIcon \" ><\/i><\/div><\/div><\/div><\/div><div class=\"rbs-img  category235 \" ><div class=\"rbs-img-image   rbs-lightbox \" ><div class=\"rbs-img-thumbs\"  data-thumbnail=\"https:\/\/www.sgranch.it\/wp-content\/uploads\/2018\/09\/DSC_0768.JPG.jpg\"  title=\"\"  data-width=\"3023\"  data-height=\"2127\" ><\/div><div class=\"rbs-img-data-popup\"  data-popup=\"https:\/\/www.sgranch.it\/wp-content\/uploads\/2018\/09\/DSC_0768.JPG.jpg\"  title=\"\" ><\/div><div class=\"thumbnail-overlay\"><div class=\"rbsIcons\"><i class=\"fa fa-search-plus rbsZoomIcon \" ><\/i><\/div><\/div><\/div><\/div><div class=\"rbs-img  category235 \" ><div class=\"rbs-img-image   rbs-lightbox \" ><div class=\"rbs-img-thumbs\"  data-thumbnail=\"https:\/\/www.sgranch.it\/wp-content\/uploads\/2018\/09\/DSC_0855.JPG.jpg\"  title=\"\"  data-width=\"2136\"  data-height=\"3216\" ><\/div><div class=\"rbs-img-data-popup\"  data-popup=\"https:\/\/www.sgranch.it\/wp-content\/uploads\/2018\/09\/DSC_0855.JPG.jpg\"  title=\"\" ><\/div><div class=\"thumbnail-overlay\"><div class=\"rbsIcons\"><i class=\"fa fa-search-plus rbsZoomIcon \" ><\/i><\/div><\/div><\/div><\/div><div class=\"rbs-img  category235 \" ><div class=\"rbs-img-image   rbs-lightbox \" ><div class=\"rbs-img-thumbs\"  data-thumbnail=\"https:\/\/www.sgranch.it\/wp-content\/uploads\/2018\/09\/DSC_0785.JPG.jpg\"  title=\"DSC_0785.JPG\"  data-width=\"3214\"  data-height=\"2036\" ><\/div><div class=\"rbs-img-data-popup\"  data-popup=\"https:\/\/www.sgranch.it\/wp-content\/uploads\/2018\/09\/DSC_0785.JPG.jpg\"  title=\"DSC_0785.JPG\" ><\/div><div class=\"thumbnail-overlay\"><div class=\"rbsIcons\"><i class=\"fa fa-search-plus rbsZoomIcon \" ><\/i><\/div><\/div><\/div><\/div><div class=\"rbs-img  category235 \" ><div class=\"rbs-img-image   rbs-lightbox \" ><div class=\"rbs-img-thumbs\"  data-thumbnail=\"https:\/\/www.sgranch.it\/wp-content\/uploads\/2018\/09\/DSC_0799.JPG.jpg\"  title=\"\"  data-width=\"2881\"  data-height=\"1466\" ><\/div><div class=\"rbs-img-data-popup\"  data-popup=\"https:\/\/www.sgranch.it\/wp-content\/uploads\/2018\/09\/DSC_0799.JPG.jpg\"  title=\"\" ><\/div><div class=\"thumbnail-overlay\"><div class=\"rbsIcons\"><i class=\"fa fa-search-plus rbsZoomIcon \" ><\/i><\/div><\/div><\/div><\/div><div class=\"rbs-img  category235 \" ><div class=\"rbs-img-image   rbs-lightbox \" ><div class=\"rbs-img-thumbs\"  data-thumbnail=\"https:\/\/www.sgranch.it\/wp-content\/uploads\/2018\/09\/DSC_0773.JPG.jpg\"  title=\"\"  data-width=\"3216\"  data-height=\"2136\" ><\/div><div class=\"rbs-img-data-popup\"  data-popup=\"https:\/\/www.sgranch.it\/wp-content\/uploads\/2018\/09\/DSC_0773.JPG.jpg\"  title=\"\" ><\/div><div class=\"thumbnail-overlay\"><div class=\"rbsIcons\"><i class=\"fa fa-search-plus rbsZoomIcon \" ><\/i><\/div><\/div><\/div><\/div><div class=\"rbs-img  category235 \" ><div class=\"rbs-img-image   rbs-lightbox \" ><div class=\"rbs-img-thumbs\"  data-thumbnail=\"https:\/\/www.sgranch.it\/wp-content\/uploads\/2018\/09\/DSC_0834.JPG.jpg\"  title=\"\"  data-width=\"2891\"  data-height=\"1801\" ><\/div><div class=\"rbs-img-data-popup\"  data-popup=\"https:\/\/www.sgranch.it\/wp-content\/uploads\/2018\/09\/DSC_0834.JPG.jpg\"  title=\"\" ><\/div><div class=\"thumbnail-overlay\"><div class=\"rbsIcons\"><i class=\"fa fa-search-plus rbsZoomIcon \" ><\/i><\/div><\/div><\/div><\/div><div class=\"rbs-img  category235 \" ><div class=\"rbs-img-image   rbs-lightbox \" ><div class=\"rbs-img-thumbs\"  data-thumbnail=\"https:\/\/www.sgranch.it\/wp-content\/uploads\/2018\/09\/DSC_0797.JPG.jpg\"  title=\"\"  data-width=\"3077\"  data-height=\"1779\" ><\/div><div class=\"rbs-img-data-popup\"  data-popup=\"https:\/\/www.sgranch.it\/wp-content\/uploads\/2018\/09\/DSC_0797.JPG.jpg\"  title=\"\" ><\/div><div class=\"thumbnail-overlay\"><div class=\"rbsIcons\"><i class=\"fa fa-search-plus rbsZoomIcon \" ><\/i><\/div><\/div><\/div><\/div><div class=\"rbs-img  category235 \" ><div class=\"rbs-img-image   rbs-lightbox \" ><div class=\"rbs-img-thumbs\"  data-thumbnail=\"https:\/\/www.sgranch.it\/wp-content\/uploads\/2018\/09\/DSC_0851.JPG.jpg\"  title=\"\"  data-width=\"3215\"  data-height=\"2135\" ><\/div><div class=\"rbs-img-data-popup\"  data-popup=\"https:\/\/www.sgranch.it\/wp-content\/uploads\/2018\/09\/DSC_0851.JPG.jpg\"  title=\"\" ><\/div><div class=\"thumbnail-overlay\"><div class=\"rbsIcons\"><i class=\"fa fa-search-plus rbsZoomIcon \" ><\/i><\/div><\/div><\/div><\/div><div class=\"rbs-img  category235 \" ><div class=\"rbs-img-image   rbs-lightbox \" ><div class=\"rbs-img-thumbs\"  data-thumbnail=\"https:\/\/www.sgranch.it\/wp-content\/uploads\/2018\/09\/DSC_0856.JPG.jpg\"  title=\"\"  data-width=\"2931\"  data-height=\"2136\" ><\/div><div class=\"rbs-img-data-popup\"  data-popup=\"https:\/\/www.sgranch.it\/wp-content\/uploads\/2018\/09\/DSC_0856.JPG.jpg\"  title=\"\" ><\/div><div class=\"thumbnail-overlay\"><div class=\"rbsIcons\"><i class=\"fa fa-search-plus rbsZoomIcon \" ><\/i><\/div><\/div><\/div><\/div><\/div><\/div><\/div><script>var rbs_gallery_69d5b4bea97a1 = {\"version\":\"3.2.23\",\"id\":235,\"class\":\"id235\",\"roboGalleryDelay\":1000,\"mainContainer\":\"#robo_gallery_main_block_rbs_gallery_69d5b4bea97a1\",\"loadingContainer\":\"#rbs_gallery_69d5b4bea97a1-block-loader\",\"loadingContainerObj\":\"rbs_gallery_69d5b4bea97a1-block-loader\",\"columnWidth\":\"auto\",\"columns\":3,\"resolutions\":[{\"columnWidth\":\"auto\",\"columns\":3,\"maxWidth\":960},{\"columnWidth\":\"auto\",\"columns\":2,\"maxWidth\":650},{\"columnWidth\":\"auto\",\"columns\":1,\"maxWidth\":450}],\"hideTitle\":true,\"lightboxOptions\":{\"gallery\":{\"enabled\":true,\"tCounter\":\"%curr% of %total%\"}},\"overlayEffect\":\"direction-aware-fade\",\"boxesToLoadStart\":12,\"boxesToLoad\":8,\"waitUntilThumbLoads\":1,\"LoadingWord\":\"Loading...\",\"loadMoreWord\":\"Load More\",\"noMoreEntriesWord\":\"No More Entries\",\"horizontalSpaceBetweenBoxes\":15,\"verticalSpaceBetweenBoxes\":15,\"lazyLoad\":0,\"wrapContainer\":\"#robo-gallery-wrap-rbs_gallery_69d5b4bea97a1\"};<\/script><div>           <\/div><\/p>\n<p>&nbsp;<\/p>\n<h3>COLTIVAZIONE<\/h3>\n<p class=\"font_8\"><span>Da oltre 10\u00a0anni coltiviamo con passione questa Erba dalle molteplici propriet\u00e0.<\/span><\/p>\n<p class=\"font_8\"><span>Per\u00a0coltivare questa pianta non sono necessari concimi pesticidi o irrigazione, \u00e8\u00a0quindi rispettosa dell&#8217;ambiente e\u00a0totalmente biologica.<\/span><\/p>\n<p class=\"font_8\"><span>L&#8217;Erba medica viene prodotta durante il periodo estivo\u00a0e viene trattata con massima cura durante il momento del raccolto per mantenere integre le foglie della pianta, che sono la parte pi\u00f9 pregiata.\u00a0La pianta viene\u00a0essiccata perfettamente per evitare problemi legati a marciumi e muffe<\/span><\/p>\n<h6><img loading=\"lazy\" decoding=\"async\" src=\"https:\/\/www.sgranch.it\/wp-content\/uploads\/2018\/09\/Cattura.jpg\" alt=\"\" width=\"151\" height=\"15\" class=\"size-full wp-image-258 alignnone\" srcset=\"https:\/\/www.sgranch.it\/wp-content\/uploads\/2018\/09\/Cattura.jpg 151w, https:\/\/www.sgranch.it\/wp-content\/uploads\/2018\/09\/Cattura-150x15.jpg 150w\" sizes=\"auto, (max-width: 151px) 100vw, 151px\" \/><\/h6>\n<h3>VENDITA<\/h3>\n<div data-packed=\"true\" class=\"txtNew\" id=\"comp-j44b3anf\">\n<p class=\"font_8\"><span>Dal 2013 vendiamo la nostra Erba Medica anche a privati o allevamenti.\u00a0<\/span><\/p>\n<p class=\"font_8\"><span>Vengono vendute\u00a0ballette piccole dal peso di circa 20\/22 Kg\u00a0l&#8217;una o balle grandi da circa 300 Kg\u00a0l&#8217;una.<\/span><\/p>\n<h6><img loading=\"lazy\" decoding=\"async\" src=\"https:\/\/www.sgranch.it\/wp-content\/uploads\/2018\/09\/Cattura.jpg\" alt=\"\" width=\"151\" height=\"15\" class=\"size-full wp-image-258 alignnone\" srcset=\"https:\/\/www.sgranch.it\/wp-content\/uploads\/2018\/09\/Cattura.jpg 151w, https:\/\/www.sgranch.it\/wp-content\/uploads\/2018\/09\/Cattura-150x15.jpg 150w\" sizes=\"auto, (max-width: 151px) 100vw, 151px\" \/><\/h6>\n<h3 class=\"font_6\"><span>PER I NOSTRI CAVALLI<\/span><\/h3>\n<\/div>\n<div data-packed=\"true\" class=\"txtNew\" id=\"comp-j44b3es4\">\n<p class=\"font_8\"><span>Da sempre utilizziamo l&#8217;Erba Medica di nostra produzione come foraggio per i nostri cavalli\u00a0perch\u00e9 cerchiamo di dare loro sempre e solo il meglio.<\/span><\/p>\n<p><img loading=\"lazy\" decoding=\"async\" src=\"https:\/\/www.sgranch.it\/wp-content\/uploads\/2018\/09\/Cattura.jpg\" alt=\"\" width=\"151\" height=\"15\" class=\"size-full wp-image-258 alignnone\" srcset=\"https:\/\/www.sgranch.it\/wp-content\/uploads\/2018\/09\/Cattura.jpg 151w, https:\/\/www.sgranch.it\/wp-content\/uploads\/2018\/09\/Cattura-150x15.jpg 150w\" sizes=\"auto, (max-width: 151px) 100vw, 151px\" \/><\/p>\n<\/div>\n","protected":false},"excerpt":{"rendered":"<p>L&#8217; erba medica (Medicago Sativa)\u00a0\u00e8 chiamata anche la &#8220;regina delle foraggere&#8221;. Da pi\u00f9 di 2000 anni viene infatti utilizzata come foraggio di ottima qualit\u00e0 per il bestiame. L&#8217;erba medica contiene un&#8217;alta percentuale di proteine, fibre, vitamine e minerali\u00a0essenziali per la corretta crescita e il benessere degli animali. &nbsp; &nbsp; COLTIVAZIONE<\/p>\n","protected":false},"author":1,"featured_media":181,"parent":0,"menu_order":0,"comment_status":"closed","ping_status":"closed","template":"page-templates\/template-fullwidth.php","meta":{"footnotes":""},"class_list":["post-234","page","type-page","status-publish","has-post-thumbnail","hentry"],"_links":{"self":[{"href":"https:\/\/www.sgranch.it\/index.php\/wp-json\/wp\/v2\/pages\/234","targetHints":{"allow":["GET"]}}],"collection":[{"href":"https:\/\/www.sgranch.it\/index.php\/wp-json\/wp\/v2\/pages"}],"about":[{"href":"https:\/\/www.sgranch.it\/index.php\/wp-json\/wp\/v2\/types\/page"}],"author":[{"embeddable":true,"href":"https:\/\/www.sgranch.it\/index.php\/wp-json\/wp\/v2\/users\/1"}],"replies":[{"embeddable":true,"href":"https:\/\/www.sgranch.it\/index.php\/wp-json\/wp\/v2\/comments?post=234"}],"version-history":[{"count":8,"href":"https:\/\/www.sgranch.it\/index.php\/wp-json\/wp\/v2\/pages\/234\/revisions"}],"predecessor-version":[{"id":261,"href":"https:\/\/www.sgranch.it\/index.php\/wp-json\/wp\/v2\/pages\/234\/revisions\/261"}],"wp:featuredmedia":[{"embeddable":true,"href":"https:\/\/www.sgranch.it\/index.php\/wp-json\/wp\/v2\/media\/181"}],"wp:attachment":[{"href":"https:\/\/www.sgranch.it\/index.php\/wp-json\/wp\/v2\/media?parent=234"}],"curies":[{"name":"wp","href":"https:\/\/api.w.org\/{rel}","templated":true}]}}